{"id":58,"date":"2013-08-29T23:31:09","date_gmt":"2013-08-29T21:31:09","guid":{"rendered":"https:\/\/sabrinajezler.ch\/?page_id=58"},"modified":"2013-09-03T21:24:27","modified_gmt":"2013-09-03T19:24:27","slug":"schroepfen","status":"publish","type":"page","link":"https:\/\/sabrinajezler.ch\/?page_id=58","title":{"rendered":"Schr\u00f6pfen"},"content":{"rendered":"<p>Durch kontinuierliches Verschieben eines vakuumisierten Schr\u00f6pfglases auf gr\u00f6sseren K\u00f6rperstellen, wie dem R\u00fccken, l\u00e4sst sich eine ausgepr\u00e4gte Massagewirkung und Entspannung erreichen, die den Lymphabfluss anregt und somit zur Zell-Entschlackung und Gesunderhaltung des Organismus beitr\u00e4gt. Zudem f\u00f6rdert das Schr\u00f6pfen die Durchblutung und den Stoffwechsel.<\/p>\n","protected":false},"excerpt":{"rendered":"<p>Durch kontinuierliches Verschieben eines vakuumisierten Schr\u00f6pfglases auf gr\u00f6sseren K\u00f6rperstellen, wie dem R\u00fccken, l\u00e4sst sich eine ausgepr\u00e4gte Massagewirkung und Entspannung erreichen, die den Lymphabfluss anregt und somit zur Zell-Entschlackung und Gesunderhaltung des Organismus beitr\u00e4gt. Zudem f\u00f6rdert das Schr\u00f6pfen die Durchblutung und den Stoffwechsel.<\/p>\n","protected":false},"author":2,"featured_media":0,"parent":14,"menu_order":23,"comment_status":"closed","ping_status":"closed","template":"","meta":{"footnotes":""},"class_list":["post-58","page","type-page","status-publish","hentry"],"_links":{"self":[{"href":"https:\/\/sabrinajezler.ch\/index.php?rest_route=\/wp\/v2\/pages\/58","targetHints":{"allow":["GET"]}}],"collection":[{"href":"https:\/\/sabrinajezler.ch\/index.php?rest_route=\/wp\/v2\/pages"}],"about":[{"href":"https:\/\/sabrinajezler.ch\/index.php?rest_route=\/wp\/v2\/types\/page"}],"author":[{"embeddable":true,"href":"https:\/\/sabrinajezler.ch\/index.php?rest_route=\/wp\/v2\/users\/2"}],"replies":[{"embeddable":true,"href":"https:\/\/sabrinajezler.ch\/index.php?rest_route=%2Fwp%2Fv2%2Fcomments&post=58"}],"version-history":[{"count":3,"href":"https:\/\/sabrinajezler.ch\/index.php?rest_route=\/wp\/v2\/pages\/58\/revisions"}],"predecessor-version":[{"id":97,"href":"https:\/\/sabrinajezler.ch\/index.php?rest_route=\/wp\/v2\/pages\/58\/revisions\/97"}],"up":[{"embeddable":true,"href":"https:\/\/sabrinajezler.ch\/index.php?rest_route=\/wp\/v2\/pages\/14"}],"wp:attachment":[{"href":"https:\/\/sabrinajezler.ch\/index.php?rest_route=%2Fwp%2Fv2%2Fmedia&parent=58"}],"curies":[{"name":"wp","href":"https:\/\/api.w.org\/{rel}","templated":true}]}}